{"id":867,"date":"2025-10-13T09:54:01","date_gmt":"2025-10-13T09:54:01","guid":{"rendered":"https:\/\/www.decoinspira.com\/sobre-mi\/"},"modified":"2025-10-13T09:54:01","modified_gmt":"2025-10-13T09:54:01","slug":"sobre-mi","status":"publish","type":"page","link":"https:\/\/www.decoinspira.com\/es\/sobre-mi\/","title":{"rendered":"Sobre m\u00ed"},"content":{"rendered":"<p>[et_pb_section fb_built=\u00bb1&#8243; _builder_version=\u00bb4.27.4&#8243; _module_preset=\u00bbdefault\u00bb background_color=\u00bbRGBA(255,255,255,0)\u00bb custom_padding=\u00bb8em||||false|false\u00bb global_colors_info=\u00bb{}\u00bb][et_pb_row column_structure=\u00bb3_5,2_5&#8243; use_custom_gutter=\u00bbon\u00bb gutter_width=\u00bb1&#8243; make_equal=\u00bbon\u00bb module_class=\u00bbrow-reverse-res align-center\u00bb _builder_version=\u00bb4.27.4&#8243; _module_preset=\u00bbdefault\u00bb background_enable_color=\u00bboff\u00bb custom_margin=\u00bb0px||0px||false|false\u00bb custom_padding=\u00bb0px|0px|0px|0px|false|true\u00bb global_colors_info=\u00bb{}\u00bb][et_pb_column type=\u00bb3_5&#8243; admin_label=\u00bbColumna\u00bb _builder_version=\u00bb4.27.4&#8243; _module_preset=\u00bbdefault\u00bb background_enable_color=\u00bboff\u00bb custom_padding=\u00bb|5em||5em|true|true\u00bb custom_padding_tablet=\u00bb2em|2em|2em|1.5em|true|false\u00bb custom_padding_phone=\u00bb1em|1em|1em|1em|true|true\u00bb custom_padding_last_edited=\u00bbon|phone\u00bb global_colors_info=\u00bb{}\u00bb][et_pb_text _builder_version=\u00bb4.27.4&#8243; _module_preset=\u00bbdefault\u00bb text_font=\u00bbComfortaa|300|||||||\u00bb header_font=\u00bbComfortaa||||||||\u00bb header_font_size=\u00bb46px\u00bb header_2_text_align=\u00bbcenter\u00bb custom_padding=\u00bb||2em||false|false\u00bb custom_padding_tablet=\u00bb||4em||false|false\u00bb custom_padding_phone=\u00bb||2em||false|false\u00bb custom_padding_last_edited=\u00bbon|phone\u00bb global_colors_info=\u00bb{}\u00bb]<\/p>\n<h2>Sheila<\/h2>\n<p>[\/et_pb_text][et_pb_text _builder_version=\u00bb4.27.4&#8243; _module_preset=\u00bbdefault\u00bb text_font=\u00bbComfortaa|300|||||||\u00bb header_font=\u00bbComfortaa||||||||\u00bb header_font_size=\u00bb46px\u00bb text_orientation=\u00bbcenter\u00bb custom_padding_tablet=\u00bb\u00bb custom_padding_phone=\u00bb||20px||false|false\u00bb custom_padding_last_edited=\u00bbon|phone\u00bb global_colors_info=\u00bb{}\u00bb]<\/p>\n<p>Arquitecta, especializada en el dise\u00f1o de interiores desde hace m\u00e1s de 12 a\u00f1os.<\/p>\n<p>Estudi\u00e9 arquitectura siguiendo mi pasi\u00f3n por el dise\u00f1o de espacios y a pesar de que tengo alg\u00fan tema pendiente como el paisajismo, queda claro que mi esencia es la peque\u00f1a escala.<\/p>\n<p>Me encanta redistribuir espacios y buscar soluciones&#8230; pero si una cosa me motiva de verdad son los retos que presentan los espacios peque\u00f1os!<\/p>\n<p>Por m\u00ed,<br \/>el dise\u00f1o no es un lujo<br \/>si no una herramienta para resolver problemas<br \/>y mejorar tu d\u00eda a d\u00eda.<\/p>\n<p>[\/et_pb_text][\/et_pb_column][et_pb_column type=\u00bb2_5&#8243; module_class=\u00bbalign-center flex\u00bb _builder_version=\u00bb4.27.4&#8243; _module_preset=\u00bbdefault\u00bb background_enable_image=\u00bboff\u00bb custom_padding=\u00bb||||false|true\u00bb custom_padding_tablet=\u00bb2em||2em||true|true\u00bb custom_padding_phone=\u00bb2em||2em||true|true\u00bb custom_padding_last_edited=\u00bbon|tablet\u00bb custom_css_main_element=\u00bbheight: -webkit-fill-available;\u00bb global_colors_info=\u00bb{}\u00bb][et_pb_image src=\u00bbhttps:\/\/www.decoinspira.com\/wp-content\/uploads\/2025\/10\/SOBRE-MI.png\u00bb title_text=\u00bbSOBRE MI\u00bb _builder_version=\u00bb4.27.4&#8243; _module_preset=\u00bbdefault\u00bb module_alignment=\u00bbcenter\u00bb global_colors_info=\u00bb{}\u00bb][\/et_pb_image][\/et_pb_column][\/et_pb_row][\/et_pb_section]<\/p>\n","protected":false},"excerpt":{"rendered":"<p>SheilaArquitecta, especializada en el dise\u00f1o de interiores desde hace m\u00e1s de 12 a\u00f1os. Estudi\u00e9 arquitectura siguiendo mi pasi\u00f3n por el dise\u00f1o de espacios y a pesar de que tengo alg\u00fan tema pendiente como el paisajismo, queda claro que mi esencia es la peque\u00f1a escala. Me encanta redistribuir espacios y buscar soluciones&#8230; pero si una cosa me motiva de verdad son los retos que presentan los espacios peque\u00f1os! Por m\u00ed,el dise\u00f1o no es un lujosi no una herramienta para resolver problemasy mejorar tu d\u00eda a d\u00eda.<\/p>\n","protected":false},"author":3,"featured_media":0,"parent":0,"menu_order":0,"comment_status":"closed","ping_status":"closed","template":"","meta":{"_et_pb_use_builder":"on","_et_pb_old_content":"","_et_gb_content_width":"","footnotes":""},"class_list":["post-867","page","type-page","status-publish","hentry"],"_links":{"self":[{"href":"https:\/\/www.decoinspira.com\/es\/wp-json\/wp\/v2\/pages\/867","targetHints":{"allow":["GET"]}}],"collection":[{"href":"https:\/\/www.decoinspira.com\/es\/wp-json\/wp\/v2\/pages"}],"about":[{"href":"https:\/\/www.decoinspira.com\/es\/wp-json\/wp\/v2\/types\/page"}],"author":[{"embeddable":true,"href":"https:\/\/www.decoinspira.com\/es\/wp-json\/wp\/v2\/users\/3"}],"replies":[{"embeddable":true,"href":"https:\/\/www.decoinspira.com\/es\/wp-json\/wp\/v2\/comments?post=867"}],"version-history":[{"count":0,"href":"https:\/\/www.decoinspira.com\/es\/wp-json\/wp\/v2\/pages\/867\/revisions"}],"wp:attachment":[{"href":"https:\/\/www.decoinspira.com\/es\/wp-json\/wp\/v2\/media?parent=867"}],"curies":[{"name":"wp","href":"https:\/\/api.w.org\/{rel}","templated":true}]}}