{"id":864,"date":"2025-10-06T11:33:10","date_gmt":"2025-10-06T11:33:10","guid":{"rendered":"https:\/\/www.decoinspira.com\/politica-de-privacidad\/"},"modified":"2025-10-06T11:33:10","modified_gmt":"2025-10-06T11:33:10","slug":"politica-de-privacidad","status":"publish","type":"page","link":"https:\/\/www.decoinspira.com\/es\/politica-de-privacidad\/","title":{"rendered":"Pol\u00edtica de privacidad"},"content":{"rendered":"<p>[et_pb_section fb_built=\u00bb1&#8243; _builder_version=\u00bb4.27.4&#8243; _module_preset=\u00bbdefault\u00bb background_color=\u00bb#f7f7f7&#8243; custom_padding=\u00bb10em||||false|false\u00bb global_colors_info=\u00bb{}\u00bb][et_pb_row _builder_version=\u00bb4.27.4&#8243; _module_preset=\u00bbdefault\u00bb width=\u00bb70%\u00bb module_alignment=\u00bbcenter\u00bb global_colors_info=\u00bb{}\u00bb][et_pb_column type=\u00bb4_4&#8243; _builder_version=\u00bb4.27.4&#8243; _module_preset=\u00bbdefault\u00bb global_colors_info=\u00bb{}\u00bb][et_pb_text _builder_version=\u00bb4.27.4&#8243; _module_preset=\u00bbdefault\u00bb global_colors_info=\u00bb{}\u00bb]<\/p>\n<h1>Pol\u00edtica de privacidad<\/h1>\n<p>[\/et_pb_text][et_pb_text _builder_version=\u00bb4.27.4&#8243; _module_preset=\u00bbdefault\u00bb text_line_height=\u00bb1.4em\u00bb hover_enabled=\u00bb0&#8243; global_colors_info=\u00bb{}\u00bb link_text_color=\u00bb#869173&#8243; sticky_enabled=\u00bb0&#8243;]<\/p>\n<p>dECO&#8217;Inspira, como responsable del tratamiento, a trav\u00e9s de su plataforma www.decoinspira.com, garantiza un nivel adecuado y coherente de protecci\u00f3n de las personas f\u00edsicas en relaci\u00f3n con sus datos personales, seg\u00fan el Reglamento General de Protecci\u00f3n de Datos (679\/2016) y la Ley Org\u00e1nica 3\/2018 de protecci\u00f3n de datos y garant\u00eda de los derechos digitales.<\/p>\n<p>dECO&#8217;Inspira trata datos personales con responsabilidad, de forma leal y seg\u00fan las bases jur\u00eddicas que permiten la licitud del tratamiento. Tambi\u00e9n ha adoptado las medidas de seguridad adecuadas para proteger los derechos y libertades de las personas interesadas. <\/p>\n<p><strong>Responsable del tratamiento:<\/strong><br \/>Identidad: XXXX<br \/>NIF: XXXX<br \/>Direcci\u00f3n: Av. de Francesc Maci\u00e0, 35, Planta 3, 08206 Sabadell, Barcelona<br \/>Correo electr\u00f3nico: info@decoinspira.com <\/p>\n<p><strong>Finalidades del tratamiento:<\/strong><br \/>En www.decoinspira.com tratamos tus datos para:<br \/>\u2022 Atender tus solicitudes de informaci\u00f3n a trav\u00e9s del correo electr\u00f3nico y el formulario de contacto (Art. 6.1.a RGPD).<br \/>\u2022 Gestionar tu registro como usuario y prestar los servicios de venta en l\u00ednea (Art. 6.1.b RGPD).<br \/>Una vez cumplida la finalidad, los datos ser\u00e1n destruidos, excepto aquellos que sea necesario conservar para cumplir obligaciones legales o gestionar reclamaciones.<\/p>\n<p><strong>Destinatarios:<\/strong><br \/>Tus datos no se ceder\u00e1n a terceros, excepto en caso de obligaci\u00f3n legal.<\/p>\n<p><strong>Derechos del interesado:<\/strong><br \/>Como usuario, tienes derecho a:<br \/>\u2022 Acceder, rectificar y suprimir los datos.<br \/>\u2022 Solicitar la limitaci\u00f3n del tratamiento.<br \/>\u2022 Oponerte al tratamiento.<br \/>\u2022 Retirar el consentimiento en cualquier momento.<\/p>\n<p>Para ejercer tus derechos, contacta con nosotros en info@decoinspira.com. Si consideras que tus derechos han sido vulnerados, puedes presentar una reclamaci\u00f3n ante la Agencia Espa\u00f1ola de Protecci\u00f3n de Datos: <a href=\"http:\/\/www.aepd.es\/\">www.aepd.es<\/a> <\/p>\n<p>[\/et_pb_text][\/et_pb_column][\/et_pb_row][\/et_pb_section]<\/p>\n","protected":false},"excerpt":{"rendered":"<p>Pol\u00edtica de privacidaddECO&#8217;Inspira, como responsable del tratamiento, a trav\u00e9s de su plataforma www.decoinspira.com, garantiza un nivel adecuado y coherente de protecci\u00f3n de las personas f\u00edsicas en relaci\u00f3n con sus datos personales, seg\u00fan el Reglamento General de Protecci\u00f3n de Datos (679\/2016) y la Ley Org\u00e1nica 3\/2018 de protecci\u00f3n de datos y garant\u00eda de los derechos digitales. dECO&#8217;Inspira trata datos personales con responsabilidad, de forma leal y seg\u00fan las bases jur\u00eddicas que permiten la licitud del tratamiento. Tambi\u00e9n ha adoptado las medidas de seguridad adecuadas para proteger los derechos y libertades de las personas interesadas. Responsable del tratamiento:Identidad: XXXXNIF: XXXXDirecci\u00f3n: Av. de Francesc Maci\u00e0, 35, Planta 3, 08206 Sabadell, BarcelonaCorreo electr\u00f3nico: info@decoinspira.com Finalidades del tratamiento:En www.decoinspira.com tratamos tus datos para:\u2022 Atender tus solicitudes de informaci\u00f3n a trav\u00e9s del correo electr\u00f3nico y el formulario de contacto (Art. 6.1.a RGPD).\u2022 Gestionar tu registro como usuario y prestar los servicios de venta en l\u00ednea (Art. 6.1.b RGPD).Una vez cumplida la finalidad, los datos ser\u00e1n destruidos, excepto aquellos que sea necesario conservar para cumplir obligaciones legales o gestionar reclamaciones. Destinatarios:Tus datos no se ceder\u00e1n a terceros, excepto en caso de obligaci\u00f3n legal. Derechos del interesado:Como usuario, tienes derecho a:\u2022 Acceder, rectificar y suprimir los datos.\u2022 Solicitar [&hellip;]<\/p>\n","protected":false},"author":3,"featured_media":0,"parent":0,"menu_order":0,"comment_status":"closed","ping_status":"closed","template":"","meta":{"_et_pb_use_builder":"on","_et_pb_old_content":"","_et_gb_content_width":"","footnotes":""},"class_list":["post-864","page","type-page","status-publish","hentry"],"_links":{"self":[{"href":"https:\/\/www.decoinspira.com\/es\/wp-json\/wp\/v2\/pages\/864","targetHints":{"allow":["GET"]}}],"collection":[{"href":"https:\/\/www.decoinspira.com\/es\/wp-json\/wp\/v2\/pages"}],"about":[{"href":"https:\/\/www.decoinspira.com\/es\/wp-json\/wp\/v2\/types\/page"}],"author":[{"embeddable":true,"href":"https:\/\/www.decoinspira.com\/es\/wp-json\/wp\/v2\/users\/3"}],"replies":[{"embeddable":true,"href":"https:\/\/www.decoinspira.com\/es\/wp-json\/wp\/v2\/comments?post=864"}],"version-history":[{"count":0,"href":"https:\/\/www.decoinspira.com\/es\/wp-json\/wp\/v2\/pages\/864\/revisions"}],"wp:attachment":[{"href":"https:\/\/www.decoinspira.com\/es\/wp-json\/wp\/v2\/media?parent=864"}],"curies":[{"name":"wp","href":"https:\/\/api.w.org\/{rel}","templated":true}]}}