{"id":863,"date":"2025-10-06T11:37:27","date_gmt":"2025-10-06T11:37:27","guid":{"rendered":"https:\/\/www.decoinspira.com\/politica-de-cookies\/"},"modified":"2025-10-06T11:37:27","modified_gmt":"2025-10-06T11:37:27","slug":"politica-de-cookies","status":"publish","type":"page","link":"https:\/\/www.decoinspira.com\/es\/politica-de-cookies\/","title":{"rendered":"Pol\u00edtica de cookies"},"content":{"rendered":"<p>[et_pb_section fb_built=\u00bb1&#8243; _builder_version=\u00bb4.27.4&#8243; _module_preset=\u00bbdefault\u00bb background_color=\u00bb#f7f7f7&#8243; custom_padding=\u00bb10em||||false|false\u00bb global_colors_info=\u00bb{}\u00bb][et_pb_row _builder_version=\u00bb4.27.4&#8243; _module_preset=\u00bbdefault\u00bb width=\u00bb70%\u00bb module_alignment=\u00bbcenter\u00bb global_colors_info=\u00bb{}\u00bb][et_pb_column type=\u00bb4_4&#8243; _builder_version=\u00bb4.27.4&#8243; _module_preset=\u00bbdefault\u00bb global_colors_info=\u00bb{}\u00bb][et_pb_text _builder_version=\u00bb4.27.4&#8243; _module_preset=\u00bbdefault\u00bb global_colors_info=\u00bb{}\u00bb]<\/p>\n<h1>Pol\u00edtica de privacidad<\/h1>\n<p>[\/et_pb_text][et_pb_text _builder_version=\u00bb4.27.4&#8243; _module_preset=\u00bbdefault\u00bb text_line_height=\u00bb1.4em\u00bb hover_enabled=\u00bb0&#8243; global_colors_info=\u00bb{}\u00bb link_text_color=\u00bb#869173&#8243; sticky_enabled=\u00bb0&#8243;]<\/p>\n<p>Las cookies son peque\u00f1os archivos de texto que se almacenan localmente en la memoria cach\u00e9 del navegador. Permiten reconocer el navegador y recordar las preferencias del usuario.<\/p>\n<p>Tipos y funciones:<\/p>\n<ul>\n<li>Propias: gestionadas por el titular de www.decoinspira.com.<\/li>\n<li>De terceros: gestionadas por otras entidades.<\/li>\n<li>De sesi\u00f3n: recopilan datos mientras el usuario navega.<\/li>\n<li>Persistentes: acceden a datos durante un per\u00edodo definido.<\/li>\n<li>T\u00e9cnicas: permiten la navegaci\u00f3n y uso de servicios.<\/li>\n<li>De personalizaci\u00f3n: adaptan el servicio a las preferencias.<\/li>\n<li>De an\u00e1lisis: analizan el comportamiento de los usuarios.<\/li>\n<li>Publicitarias: gestionan anuncios en funci\u00f3n del contenido o frecuencia.<\/li>\n<\/ul>\n<p>Cuadro con la lista de tipos de cookies que utiliza la p\u00e1gina www.decoinspira.com y su finalidad<\/p>\n<p><span style=\"font-weight: 400;\"><div id=\"cmplz-cookies-overview\"><\/div><\/span><\/p>\n<p>Puedes desactivarlas en la configuraci\u00f3n del navegador. La desactivaci\u00f3n puede afectar la funcionalidad del sitio www.decoinspira.com.<\/p>\n<p><strong>Gu\u00edas por navegadores:<\/strong><\/p>\n<p><a href=\"https:\/\/support.microsoft.com\/es-es\/help\/17442\/windows-internet-explorer-delete-manage-cookies\">Internet Explorer 9<\/a><br \/><a href=\"https:\/\/support.google.com\/chrome\/answer\/95647?co=GENIE.Platform%3DDesktop&amp;hl=es\">Chrome<\/a><br \/><a href=\"https:\/\/support.mozilla.org\/es\/kb\/habilitar-y-deshabilitar-cookies-sitios-web-rastrear-preferencias\">Firefox<\/a><br \/><a href=\"https:\/\/support.apple.com\/es-es\/guide\/safari\/sfri11471\/mac\">Safari<\/a><\/p>\n<p><strong>Responsables del tratamiento:<\/strong><\/p>\n<ul>\n<li><strong>Cookies propias:<\/strong> dECO&#8217;Inspira \u2013 info@decoinspira.com<\/li>\n<li><strong>Cookies de terceros:<\/strong> Google, Google Ads, Google Analytics, Google Adsense, Shopify, paypal, youtube, Cloudflare, Veinteractive.<\/li>\n<\/ul>\n<p>[\/et_pb_text][\/et_pb_column][\/et_pb_row][\/et_pb_section]<\/p>\n","protected":false},"excerpt":{"rendered":"<p>Pol\u00edtica de privacidadLas cookies son peque\u00f1os archivos de texto que se almacenan localmente en la memoria cach\u00e9 del navegador. Permiten reconocer el navegador y recordar las preferencias del usuario. Tipos y funciones: Propias: gestionadas por el titular de www.decoinspira.com. De terceros: gestionadas por otras entidades. De sesi\u00f3n: recopilan datos mientras el usuario navega. Persistentes: acceden a datos durante un per\u00edodo definido. T\u00e9cnicas: permiten la navegaci\u00f3n y uso de servicios. De personalizaci\u00f3n: adaptan el servicio a las preferencias. De an\u00e1lisis: analizan el comportamiento de los usuarios. Publicitarias: gestionan anuncios en funci\u00f3n del contenido o frecuencia. Cuadro con la lista de tipos de cookies que utiliza la p\u00e1gina www.decoinspira.com y su finalidad <div id=\"cmplz-cookies-overview\"><\/div> Puedes desactivarlas en la configuraci\u00f3n del navegador. La desactivaci\u00f3n puede afectar la funcionalidad del sitio www.decoinspira.com. Gu\u00edas por navegadores: Internet Explorer 9ChromeFirefoxSafari Responsables del tratamiento: Cookies propias: dECO&#8217;Inspira \u2013 info@decoinspira.com Cookies de terceros: Google, Google Ads, Google Analytics, Google Adsense, Shopify, paypal, youtube, Cloudflare, Veinteractive.<\/p>\n","protected":false},"author":3,"featured_media":0,"parent":0,"menu_order":0,"comment_status":"closed","ping_status":"closed","template":"","meta":{"_et_pb_use_builder":"on","_et_pb_old_content":"","_et_gb_content_width":"","footnotes":""},"class_list":["post-863","page","type-page","status-publish","hentry"],"_links":{"self":[{"href":"https:\/\/www.decoinspira.com\/es\/wp-json\/wp\/v2\/pages\/863","targetHints":{"allow":["GET"]}}],"collection":[{"href":"https:\/\/www.decoinspira.com\/es\/wp-json\/wp\/v2\/pages"}],"about":[{"href":"https:\/\/www.decoinspira.com\/es\/wp-json\/wp\/v2\/types\/page"}],"author":[{"embeddable":true,"href":"https:\/\/www.decoinspira.com\/es\/wp-json\/wp\/v2\/users\/3"}],"replies":[{"embeddable":true,"href":"https:\/\/www.decoinspira.com\/es\/wp-json\/wp\/v2\/comments?post=863"}],"version-history":[{"count":0,"href":"https:\/\/www.decoinspira.com\/es\/wp-json\/wp\/v2\/pages\/863\/revisions"}],"wp:attachment":[{"href":"https:\/\/www.decoinspira.com\/es\/wp-json\/wp\/v2\/media?parent=863"}],"curies":[{"name":"wp","href":"https:\/\/api.w.org\/{rel}","templated":true}]}}