{"id":862,"date":"2025-10-06T11:25:04","date_gmt":"2025-10-06T11:25:04","guid":{"rendered":"https:\/\/www.decoinspira.com\/aviso-legal\/"},"modified":"2025-10-06T11:25:04","modified_gmt":"2025-10-06T11:25:04","slug":"aviso-legal","status":"publish","type":"page","link":"https:\/\/www.decoinspira.com\/es\/aviso-legal\/","title":{"rendered":"Aviso legal"},"content":{"rendered":"<p>[et_pb_section fb_built=\u00bb1&#8243; _builder_version=\u00bb4.27.4&#8243; _module_preset=\u00bbdefault\u00bb hover_enabled=\u00bb0&#8243; global_colors_info=\u00bb{}\u00bb custom_padding=\u00bb10em||||false|false\u00bb sticky_enabled=\u00bb0&#8243; background_color=\u00bb#f7f7f7&#8243;][et_pb_row _builder_version=\u00bb4.27.4&#8243; _module_preset=\u00bbdefault\u00bb width=\u00bb70%\u00bb module_alignment=\u00bbcenter\u00bb global_colors_info=\u00bb{}\u00bb][et_pb_column type=\u00bb4_4&#8243; _builder_version=\u00bb4.27.4&#8243; _module_preset=\u00bbdefault\u00bb global_colors_info=\u00bb{}\u00bb][et_pb_text _builder_version=\u00bb4.27.4&#8243; _module_preset=\u00bbdefault\u00bb global_colors_info=\u00bb{}\u00bb]<\/p>\n<h1>Aviso legal<\/h1>\n<p>[\/et_pb_text][et_pb_text _builder_version=\u00bb4.27.4&#8243; _module_preset=\u00bbdefault\u00bb hover_enabled=\u00bb0&#8243; global_colors_info=\u00bb{}\u00bb sticky_enabled=\u00bb0&#8243; text_line_height=\u00bb1.4em\u00bb]<\/p>\n<p>Este aviso es de visualizaci\u00f3n obligatoria y regula las condiciones de uso que deben ser observadas y respetadas por los usuarios de esta p\u00e1gina www.decoinspira.com. Es importante leerlo atentamente, ya que el hecho de acceder a los materiales incluidos y utilizarlos implica que el usuario ha le\u00eddo y acepta, sin reservas, las siguientes condiciones. <\/p>\n<p>En cumplimiento de la Ley de Servicios de la Sociedad de la Informaci\u00f3n y del Comercio Electr\u00f3nico, y dem\u00e1s legislaci\u00f3n complementaria, se informa que el titular del sitio www.decoinspira.com es XXXX (en adelante, dECO\u2019Inspira), con domicilio social en Av. de Francesc Maci\u00e0, 35, Planta 3, 08206 Sabadell, Barcelona, con NIF n\u00fam. XXX. <\/p>\n<p>dECO\u2019Inspira podr\u00e1 realizar, en cualquier momento y sin necesidad de previo aviso, modificaciones y actualizaciones sobre la informaci\u00f3n contenida en su sitio www.decoinspira.com, as\u00ed como en su configuraci\u00f3n o presentaci\u00f3n.<\/p>\n<p>dECO\u2019Inspira realiza todos los esfuerzos posibles para que la informaci\u00f3n suministrada a trav\u00e9s de su sitio www.decoinspira.com sea clara, comprensible y adecuada, as\u00ed como para evitar errores en la medida de lo posible y, en su caso, corregirlos o actualizarlos. No obstante, dECO\u2019Inspira no puede garantizar la inexistencia de errores ni que el contenido de la informaci\u00f3n se encuentre permanentemente actualizado. <\/p>\n<p>Los derechos de propiedad intelectual de los contenidos, textos, gu\u00edas, distintivos corporativos e im\u00e1genes de este sitio www.decoinspira.com son propiedad de dECO\u2019Inspira y, en su caso, de otras asociaciones y entidades mencionadas en esta p\u00e1gina, y est\u00e1n protegidos por la legislaci\u00f3n espa\u00f1ola, as\u00ed como por las normas comunitarias e internacionales que resulten aplicables.<\/p>\n<p>La reproducci\u00f3n, distribuci\u00f3n, comercializaci\u00f3n o transformaci\u00f3n no autorizadas de estos contenidos \u2014salvo en los supuestos legalmente permitidos para uso personal y privado\u2014 constituyen una infracci\u00f3n de los derechos de propiedad intelectual de dECO\u2019Inspira o de su leg\u00edtimo titular.<\/p>\n<p>Queda prohibida la reproducci\u00f3n total o parcial, distribuci\u00f3n, comercializaci\u00f3n o transformaci\u00f3n de cualquiera de los contenidos del sitio www.decoinspira.com sin la autorizaci\u00f3n previa y por escrito de dECO\u2019Inspira.<\/p>\n<p>Se autoriza la impresi\u00f3n y descarga de extractos de los contenidos del sitio www.decoinspira.com de dECO\u2019Inspira \u00fanicamente cuando se realicen para uso personal y privado. Las solicitudes a tal efecto pueden dirigirse a info@decoinspira.com. Para ejercer el derecho de cita, debe mencionarse a dECO\u2019Inspira como titular de los extractos y a www.decoinspira.com como fuente de la informaci\u00f3n, cuando corresponda.  <\/p>\n<p>En los casos en que los extractos sean titularidad de un tercero, deber\u00e1 indicarse: \u201c\u00a9 (Desir\u00e9e Ballesta Garrido)\u201d, tal como aparece publicado en el sitio www.decoinspira.com de dECO\u2019Inspira. En cualquier caso, deber\u00e1 informarse por correo electr\u00f3nico a info@decoinspira.com. <\/p>\n<p>dECO\u2019Inspira no se hace responsable del uso inadecuado que terceros puedan hacer de esta p\u00e1gina www.decoinspira.com ni de la informaci\u00f3n que en ella se transmita. Los contenidos tienen car\u00e1cter meramente informativo; el uso que haga el usuario y las consecuencias, da\u00f1os o perjuicios que puedan derivarse son responsabilidad exclusiva del usuario. <\/p>\n<p>dECO\u2019Inspira se reserva el derecho de ejercer las acciones legales que considere oportunas derivadas de cualquier uso il\u00edcito de los contenidos de su p\u00e1gina www.decoinspira.com por parte de terceros.<br \/>Todos los datos de car\u00e1cter personal solicitados en el sitio www.decoinspira.com se recogen para la correcta gesti\u00f3n de las actividades de dECO\u2019Inspira.<br \/>En ning\u00fan caso ser\u00e1n utilizados para otros fines ni cedidos a terceros. dECO\u2019Inspira se declara claramente en contra del \u201cspam\u201d y no realizar\u00e1 ning\u00fan env\u00edo comercial sin autorizaci\u00f3n previa.<br \/>Los datos recogidos en los formularios del sitio www.decoinspira.com se incorporan a los ficheros debidamente protegidos de dECO\u2019Inspira.<\/p>\n<p>Este sitio www.decoinspira.com utiliza tecnolog\u00eda \u201ccookies\u201d y almacena informaci\u00f3n en el equipo desde el cual se accede. Tambi\u00e9n utiliza un sistema que recoge informaci\u00f3n personalizada sobre la navegaci\u00f3n de los usuarios.<\/p>\n<p>dECO\u2019Inspira es responsable del tratamiento de datos. Los derechos de acceso, rectificaci\u00f3n, cancelaci\u00f3n y oposici\u00f3n reconocidos en la Ley Org\u00e1nica 15\/1999 de Protecci\u00f3n de Datos deber\u00e1n ejercerse dirigi\u00e9ndose al Departamento de Atenci\u00f3n al Cliente de dECO\u2019Inspira mediante la direcci\u00f3n de correo electr\u00f3nico info@decoinspira.com o por correo postal a C\/ Can Jordana 2 bajos, Tiana, 08391 Barcelona.<\/p>\n<p>[\/et_pb_text][\/et_pb_column][\/et_pb_row][\/et_pb_section]<\/p>\n","protected":false},"excerpt":{"rendered":"<p>Aviso legalEste aviso es de visualizaci\u00f3n obligatoria y regula las condiciones de uso que deben ser observadas y respetadas por los usuarios de esta p\u00e1gina www.decoinspira.com. Es importante leerlo atentamente, ya que el hecho de acceder a los materiales incluidos y utilizarlos implica que el usuario ha le\u00eddo y acepta, sin reservas, las siguientes condiciones. En cumplimiento de la Ley de Servicios de la Sociedad de la Informaci\u00f3n y del Comercio Electr\u00f3nico, y dem\u00e1s legislaci\u00f3n complementaria, se informa que el titular del sitio www.decoinspira.com es XXXX (en adelante, dECO\u2019Inspira), con domicilio social en Av. de Francesc Maci\u00e0, 35, Planta 3, 08206 Sabadell, Barcelona, con NIF n\u00fam. XXX. dECO\u2019Inspira podr\u00e1 realizar, en cualquier momento y sin necesidad de previo aviso, modificaciones y actualizaciones sobre la informaci\u00f3n contenida en su sitio www.decoinspira.com, as\u00ed como en su configuraci\u00f3n o presentaci\u00f3n. dECO\u2019Inspira realiza todos los esfuerzos posibles para que la informaci\u00f3n suministrada a trav\u00e9s de su sitio www.decoinspira.com sea clara, comprensible y adecuada, as\u00ed como para evitar errores en la medida de lo posible y, en su caso, corregirlos o actualizarlos. No obstante, dECO\u2019Inspira no puede garantizar la inexistencia de errores ni que el contenido de la informaci\u00f3n se encuentre permanentemente actualizado. Los derechos [&hellip;]<\/p>\n","protected":false},"author":3,"featured_media":0,"parent":0,"menu_order":0,"comment_status":"closed","ping_status":"closed","template":"","meta":{"_et_pb_use_builder":"on","_et_pb_old_content":"","_et_gb_content_width":"","footnotes":""},"class_list":["post-862","page","type-page","status-publish","hentry"],"_links":{"self":[{"href":"https:\/\/www.decoinspira.com\/es\/wp-json\/wp\/v2\/pages\/862","targetHints":{"allow":["GET"]}}],"collection":[{"href":"https:\/\/www.decoinspira.com\/es\/wp-json\/wp\/v2\/pages"}],"about":[{"href":"https:\/\/www.decoinspira.com\/es\/wp-json\/wp\/v2\/types\/page"}],"author":[{"embeddable":true,"href":"https:\/\/www.decoinspira.com\/es\/wp-json\/wp\/v2\/users\/3"}],"replies":[{"embeddable":true,"href":"https:\/\/www.decoinspira.com\/es\/wp-json\/wp\/v2\/comments?post=862"}],"version-history":[{"count":0,"href":"https:\/\/www.decoinspira.com\/es\/wp-json\/wp\/v2\/pages\/862\/revisions"}],"wp:attachment":[{"href":"https:\/\/www.decoinspira.com\/es\/wp-json\/wp\/v2\/media?parent=862"}],"curies":[{"name":"wp","href":"https:\/\/api.w.org\/{rel}","templated":true}]}}