{"id":859,"date":"2025-10-04T10:26:20","date_gmt":"2025-10-04T10:26:20","guid":{"rendered":"https:\/\/www.decoinspira.com\/filosofia\/"},"modified":"2025-10-16T08:21:44","modified_gmt":"2025-10-16T08:21:44","slug":"filosofia","status":"publish","type":"page","link":"https:\/\/www.decoinspira.com\/es\/filosofia\/","title":{"rendered":"Filosof\u00eda"},"content":{"rendered":"<p>[et_pb_section fb_built=\u00bb1&#8243; _builder_version=\u00bb4.27.4&#8243; _module_preset=\u00bbdefault\u00bb background_color=\u00bbRGBA(255,255,255,0)\u00bb custom_padding=\u00bb10em||||false|false\u00bb global_colors_info=\u00bb{}\u00bb][et_pb_row column_structure=\u00bb1_2,1_2&#8243; use_custom_gutter=\u00bbon\u00bb gutter_width=\u00bb1&#8243; make_equal=\u00bbon\u00bb _builder_version=\u00bb4.27.4&#8243; _module_preset=\u00bbdefault\u00bb background_color=\u00bbRGBA(255,255,255,0)\u00bb custom_margin=\u00bb0px||0px||false|false\u00bb custom_padding=\u00bb0px|0px|0px|0px|false|true\u00bb global_colors_info=\u00bb{}\u00bb][et_pb_column type=\u00bb1_2&#8243; admin_label=\u00bbColumna\u00bb _builder_version=\u00bb4.27.4&#8243; _module_preset=\u00bbdefault\u00bb background_enable_color=\u00bboff\u00bb custom_padding=\u00bb2em|2em|2em|1.5em|true|false\u00bb custom_padding_tablet=\u00bb2em|2em|2em|1.5em|true|false\u00bb custom_padding_phone=\u00bb2em|1em|2em|1em|true|true\u00bb custom_padding_last_edited=\u00bbon|phone\u00bb global_colors_info=\u00bb{}\u00bb][et_pb_text _builder_version=\u00bb4.27.4&#8243; _module_preset=\u00bbdefault\u00bb text_font=\u00bbComfortaa|300|||||||\u00bb header_font=\u00bbComfortaa||||||||\u00bb header_font_size=\u00bb46px\u00bb custom_padding=\u00bb||8em||false|false\u00bb custom_padding_tablet=\u00bb||4em||false|false\u00bb custom_padding_phone=\u00bb||2em||false|false\u00bb custom_padding_last_edited=\u00bbon|phone\u00bb global_colors_info=\u00bb{}\u00bb]<\/p>\n<h2>Por que hacemos lo que hacemos?<\/h2>\n<p>[\/et_pb_text][et_pb_text _builder_version=\u00bb4.27.4&#8243; _module_preset=\u00bbdefault\u00bb text_font=\u00bbComfortaa|300|||||||\u00bb text_font_size=\u00bb18px\u00bb text_line_height=\u00bb1.5em\u00bb header_font=\u00bbComfortaa||||||||\u00bb header_font_size=\u00bb46px\u00bb custom_margin=\u00bb||2em||false|false\u00bb custom_padding_tablet=\u00bb\u00bb custom_padding_phone=\u00bb||20px||false|false\u00bb custom_padding_last_edited=\u00bbon|phone\u00bb global_colors_info=\u00bb{}\u00bb]<\/p>\n<p>A deco\u2019Inspira, t<strong>ransformamos tu hogar creando espacios atrevidos, conscientes y funcionales.<\/strong> No creemos en soluciones est\u00e1ndares, sino en dise\u00f1os que hablan de t\u00fa, de tu estilo de vida y del que realmente necesitas. Cada hogar es \u00fanico, y por eso trabajamos para que refleje tu personalidad y te ayude a vivir mejor. <strong>M\u00e1s all\u00e1 de la est\u00e9tica, dise\u00f1amos con intenci\u00f3n, con sentido y con el objetivo de mejorar tu d\u00eda a d\u00eda.<\/strong><\/p>\n<p>Nuestro proceso empieza con una mirada profunda a tu manera de vivir. <strong>Te ayudamos a tomar conciencia de tus necesidades reales y las de tu familia, del uso que mujeres a cada espacio, de la cantidad de pertenencia que tienes y del que realmente aporta valor en tu vida.<\/strong> No se trata solo de reorganizar muebles o cambiar colores, sino de repensar tu hogar para que funcione mejor para t\u00fa. Un espacio muy dise\u00f1ado no solo es bonito, sino que te hace sentir bien, te facilita las rutinas y te permite disfrutar m\u00e1s de cada momento.<\/p>\n<p>[\/et_pb_text][et_pb_button button_url=\u00bb@ET-DC@eyJkeW5hbWljIjp0cnVlLCJjb250ZW50IjoicG9zdF9saW5rX3VybF9wYWdlIiwic2V0dGluZ3MiOnsicG9zdF9pZCI6IjEyOSJ9fQ==@\u00bb button_text=\u00bbEmpezamos\u00bb module_class=\u00bbunderline-button\u00bb _builder_version=\u00bb4.27.4&#8243; _dynamic_attributes=\u00bbbutton_url\u00bb _module_preset=\u00bbdefault\u00bb custom_button=\u00bbon\u00bb button_text_size=\u00bb28px\u00bb button_text_color=\u00bb#333333&#8243; button_bg_color=\u00bbRGBA(255,255,255,0)\u00bb button_border_width=\u00bb0px\u00bb button_border_color=\u00bbRGBA(255,255,255,0)\u00bb button_border_radius=\u00bb0px\u00bb button_font=\u00bbWaiting for the Sunrise|||on|||||\u00bb button_use_icon=\u00bboff\u00bb custom_margin=\u00bb20px||||false|false\u00bb custom_padding=\u00bb|0px||0px|false|false\u00bb button_text_size_tablet=\u00bb28px\u00bb button_text_size_phone=\u00bb24px\u00bb button_text_size_last_edited=\u00bbon|phone\u00bb global_colors_info=\u00bb{}\u00bb][\/et_pb_button][\/et_pb_column][et_pb_column type=\u00bb1_2&#8243; module_class=\u00bbflex-column\u00bb _builder_version=\u00bb4.27.4&#8243; _module_preset=\u00bbdefault\u00bb background_image=\u00bbhttps:\/\/www.decoinspira.com\/wp-content\/uploads\/2025\/10\/home-design-4-1.jpg\u00bb custom_padding=\u00bb||||false|true\u00bb custom_padding_tablet=\u00bb12em||12em||true|true\u00bb custom_padding_phone=\u00bb8em||8em||true|true\u00bb custom_padding_last_edited=\u00bbon|phone\u00bb custom_css_main_element=\u00bbheight: -webkit-fill-available;\u00bb global_colors_info=\u00bb{}\u00bb][et_pb_divider show_divider=\u00bboff\u00bb _builder_version=\u00bb4.27.4&#8243; _module_preset=\u00bbdefault\u00bb global_colors_info=\u00bb{}\u00bb][\/et_pb_divider][\/et_pb_column][\/et_pb_row][et_pb_row column_structure=\u00bb1_2,1_2&#8243; use_custom_gutter=\u00bbon\u00bb gutter_width=\u00bb1&#8243; make_equal=\u00bbon\u00bb module_class=\u00bbrow-reverse-res\u00bb _builder_version=\u00bb4.27.4&#8243; _module_preset=\u00bbdefault\u00bb background_enable_color=\u00bboff\u00bb custom_margin=\u00bb0px||||false|false\u00bb custom_padding=\u00bb0px|0px|0px|0px|false|true\u00bb global_colors_info=\u00bb{}\u00bb][et_pb_column type=\u00bb1_2&#8243; module_class=\u00bbflex-column\u00bb disabled_on=\u00bboff|on|off\u00bb _builder_version=\u00bb4.27.4&#8243; _module_preset=\u00bbdefault\u00bb background_image=\u00bbhttps:\/\/www.decoinspira.com\/wp-content\/uploads\/2025\/10\/vivienda-sant-fructuos-decoinspira-img74710b620e4ec9bf_14-3247-1-4767130.jpg\u00bb custom_padding=\u00bb||||false|true\u00bb custom_padding_tablet=\u00bb||||false|true\u00bb custom_padding_phone=\u00bb6em||6em||true|true\u00bb custom_padding_last_edited=\u00bbon|phone\u00bb custom_css_main_element=\u00bbheight: -webkit-fill-available;\u00bb global_colors_info=\u00bb{}\u00bb][et_pb_divider show_divider=\u00bboff\u00bb _builder_version=\u00bb4.27.4&#8243; _module_preset=\u00bbdefault\u00bb global_colors_info=\u00bb{}\u00bb][\/et_pb_divider][\/et_pb_column][et_pb_column type=\u00bb1_2&#8243; _builder_version=\u00bb4.27.4&#8243; _module_preset=\u00bbdefault\u00bb background_color=\u00bbRGBA(255,255,255,0)\u00bb custom_padding=\u00bb2em|2em|2em|2em|true|true\u00bb custom_padding_tablet=\u00bb2em|2em|2em|2em|true|true\u00bb custom_padding_phone=\u00bb2em|1em|2em|1em|true|true\u00bb custom_padding_last_edited=\u00bbon|phone\u00bb global_colors_info=\u00bb{}\u00bb][et_pb_text _builder_version=\u00bb4.27.4&#8243; _module_preset=\u00bbdefault\u00bb text_font=\u00bbComfortaa|300|||||||\u00bb header_font=\u00bbComfortaa||||||||\u00bb header_font_size=\u00bb46px\u00bb custom_padding=\u00bb||8em||false|false\u00bb custom_padding_tablet=\u00bb||4em||false|false\u00bb custom_padding_phone=\u00bb||2em||false|false\u00bb custom_padding_last_edited=\u00bbon|phone\u00bb global_colors_info=\u00bb{}\u00bb]<\/p>\n<h2>Sab\u00edas qu\u00e9?<\/h2>\n<p>[\/et_pb_text][et_pb_text _builder_version=\u00bb4.27.4&#8243; _module_preset=\u00bbdefault\u00bb text_font=\u00bbComfortaa|300|||||||\u00bb text_font_size=\u00bb18px\u00bb text_line_height=\u00bb1.5em\u00bb header_font=\u00bbComfortaa||||||||\u00bb header_font_size=\u00bb46px\u00bb custom_margin=\u00bb||2em||false|false\u00bb global_colors_info=\u00bb{}\u00bb]<\/p>\n<p>El prefijo \u201c<strong>eco<\/strong>\u201d proviene de la palabra griega oikos (\u03bf\u03af\u03ba\u03bf\u03c2), que significa hogar. Por eso, para nosotros no es solo una declaraci\u00f3n de intenciones, sino el <strong>n\u00facleo de nuestra filosof\u00eda.<\/strong><br \/><strong>Econom\u00eda y ecolog\u00eda<\/strong> comparten este mismo origen: la econom\u00eda entendida como la administraci\u00f3n responsable de los recursos con que vivimos; la ecolog\u00eda, como el estudio y el respeto por nuestro entorno.<\/p>\n<p>Cuando hablamos de <strong>recursos<\/strong>, nos referimos a todo aquello que influye en la transformaci\u00f3n de tu hogar: los <strong>metros cuadrados disponibles<\/strong>, el <strong>tiempo<\/strong> para ejecutar la obra y el <strong>presupuesto<\/strong> con que contamos.<br \/>Creemos que <strong>dise\u00f1ar con conciencia<\/strong> quiere decir aprovechar al m\u00e1ximo cada uno de estos factores: <strong>optimizando el espacio, ajustando los tiempos y tomando decisiones sostenibles y responsables<\/strong> con el presupuesto.<\/p>\n<p>Hoy m\u00e1s que nunca, necesitamos <strong>recuperar el verdadero significado de econom\u00eda y ecolog\u00eda<\/strong>, y aplicarlo en nuestros espacios.<br \/>Dise\u00f1amos desde la conciencia, con <strong>materiales, soluciones y distribuciones<\/strong> que respondan tanto a <strong>tu bienestar<\/strong> como el <strong>equilibrio con el entorno<\/strong>.<\/p>\n<p>[\/et_pb_text][et_pb_button button_url=\u00bb@ET-DC@eyJkeW5hbWljIjp0cnVlLCJjb250ZW50IjoicG9zdF9saW5rX3VybF9wYWdlIiwic2V0dGluZ3MiOnsicG9zdF9pZCI6IjEyNyJ9fQ==@\u00bb button_text=\u00bbVer los proyectos\u00bb module_class=\u00bbunderline-button\u00bb _builder_version=\u00bb4.27.4&#8243; _dynamic_attributes=\u00bbbutton_url\u00bb _module_preset=\u00bbdefault\u00bb custom_button=\u00bbon\u00bb button_text_size=\u00bb28px\u00bb button_text_color=\u00bb#333333&#8243; button_bg_color=\u00bbRGBA(255,255,255,0)\u00bb button_border_width=\u00bb0px\u00bb button_border_color=\u00bbRGBA(255,255,255,0)\u00bb button_border_radius=\u00bb0px\u00bb button_font=\u00bbWaiting for the Sunrise|||on|||||\u00bb button_use_icon=\u00bboff\u00bb custom_padding=\u00bb|0px||0px|false|false\u00bb global_colors_info=\u00bb{}\u00bb][\/et_pb_button][\/et_pb_column][\/et_pb_row][\/et_pb_section][et_pb_section fb_built=\u00bb1&#8243; _builder_version=\u00bb4.27.4&#8243; _module_preset=\u00bbdefault\u00bb background_enable_color=\u00bboff\u00bb use_background_color_gradient=\u00bbon\u00bb background_color_gradient_stops=\u00bbrgba(115,153,135,0.7) 1%|rgba(115,153,135,0.7) 100%\u00bb background_color_gradient_overlays_image=\u00bbon\u00bb background_image=\u00bbhttps:\/\/www.decoinspira.com\/wp-content\/uploads\/2025\/10\/vivienda-sant-fructuos-decoinspira-imgaa211e520e4ec97a_14-2540-1-28d8d9b.jpg\u00bb custom_padding=\u00bb8em||8em||true|false\u00bb global_module=\u00bb676&#8243; locked=\u00bboff\u00bb global_colors_info=\u00bb{}\u00bb][et_pb_row use_custom_gutter=\u00bbon\u00bb gutter_width=\u00bb1&#8243; make_equal=\u00bbon\u00bb _builder_version=\u00bb4.27.4&#8243; _module_preset=\u00bbdefault\u00bb background_enable_color=\u00bboff\u00bb custom_margin=\u00bb1.2em||||false|false\u00bb custom_padding=\u00bb0px||0px||false|false\u00bb global_colors_info=\u00bb{}\u00bb][et_pb_column type=\u00bb4_4&#8243; _builder_version=\u00bb4.27.4&#8243; _module_preset=\u00bbdefault\u00bb background_enable_color=\u00bboff\u00bb custom_padding=\u00bb|0px||0px|false|true\u00bb global_colors_info=\u00bb{}\u00bb][et_pb_text _builder_version=\u00bb4.27.4&#8243; _module_preset=\u00bbdefault\u00bb header_font=\u00bbComfortaa||||||||\u00bb header_text_align=\u00bbcenter\u00bb header_2_font=\u00bbComfortaa||||||||\u00bb header_2_text_align=\u00bbcenter\u00bb header_2_text_color=\u00bb#FFFFFF\u00bb header_2_font_size=\u00bb36px\u00bb custom_margin=\u00bb||2em||false|false\u00bb header_2_font_size_tablet=\u00bb\u00bb header_2_font_size_phone=\u00bb34px\u00bb header_2_font_size_last_edited=\u00bbon|phone\u00bb header_2_line_height_tablet=\u00bb\u00bb header_2_line_height_phone=\u00bb1.2em\u00bb header_2_line_height_last_edited=\u00bbon|phone\u00bb global_colors_info=\u00bb{}\u00bb]<\/p>\n<h2>Quieres un espacio deco&#8217;Inspira?<\/h2>\n<p>[\/et_pb_text][et_pb_button button_url=\u00bb@ET-DC@eyJkeW5hbWljIjp0cnVlLCJjb250ZW50IjoicG9zdF9saW5rX3VybF9wYWdlIiwic2V0dGluZ3MiOnsicG9zdF9pZCI6IjEyOSJ9fQ==@\u00bb button_text=\u00bbHablamos de tu proyecto\u00bb button_alignment=\u00bbcenter\u00bb _builder_version=\u00bb4.27.4&#8243; _dynamic_attributes=\u00bbbutton_url\u00bb _module_preset=\u00bbdefault\u00bb custom_button=\u00bbon\u00bb button_text_size=\u00bb28px\u00bb button_text_color=\u00bb#FFFFFF\u00bb button_bg_color=\u00bbrgba(115,153,135,0.6)\u00bb button_border_width=\u00bb1px\u00bb button_border_color=\u00bb#FFFFFF\u00bb button_border_radius=\u00bb0px\u00bb button_font=\u00bbWaiting for the Sunrise|||on|||||\u00bb button_use_icon=\u00bboff\u00bb custom_padding=\u00bb4px|16px|4px|16px|true|true\u00bb button_text_size_tablet=\u00bb28px\u00bb button_text_size_phone=\u00bb24px\u00bb button_text_size_last_edited=\u00bbon|phone\u00bb global_colors_info=\u00bb{}\u00bb button_bg_color__hover_enabled=\u00bbon|hover\u00bb button_text_color__hover_enabled=\u00bbon|hover\u00bb button_text_color__hover=\u00bb#869173&#8243; button_bg_color__hover=\u00bb#ffffff\u00bb button_bg_enable_color__hover=\u00bbon\u00bb][\/et_pb_button][\/et_pb_column][\/et_pb_row][\/et_pb_section]<\/p>\n","protected":false},"excerpt":{"rendered":"<p>Por que hacemos lo que hacemos? A deco\u2019Inspira, transformamos tu hogar creando espacios atrevidos, conscientes y funcionales. No creemos en soluciones est\u00e1ndares, sino en dise\u00f1os que hablan de t\u00fa, de tu estilo de vida y del que realmente necesitas. Cada hogar es \u00fanico, y por eso trabajamos para que refleje tu personalidad y te ayude a vivir mejor. M\u00e1s all\u00e1 de la est\u00e9tica, dise\u00f1amos con intenci\u00f3n, con sentido y con el objetivo de mejorar tu d\u00eda a d\u00eda. Nuestro proceso empieza con una mirada profunda a tu manera de vivir. Te ayudamos a tomar conciencia de tus necesidades reales y las de tu familia, del uso que mujeres a cada espacio, de la cantidad de pertenencia que tienes y del que realmente aporta valor en tu vida. No se trata solo de reorganizar muebles o cambiar colores, sino de repensar tu hogar para que funcione mejor para t\u00fa. Un espacio muy dise\u00f1ado no solo es bonito, sino que te hace sentir bien, te facilita las rutinas y te permite disfrutar m\u00e1s de cada momento. Sab\u00edas qu\u00e9? El prefijo \u201ceco\u201d proviene de la palabra griega oikos (\u03bf\u03af\u03ba\u03bf\u03c2), que significa hogar. Por eso, para nosotros no es solo una declaraci\u00f3n de intenciones, [&hellip;]<\/p>\n","protected":false},"author":3,"featured_media":0,"parent":0,"menu_order":0,"comment_status":"closed","ping_status":"closed","template":"","meta":{"_et_pb_use_builder":"on","_et_pb_old_content":"","_et_gb_content_width":"","footnotes":""},"class_list":["post-859","page","type-page","status-publish","hentry"],"_links":{"self":[{"href":"https:\/\/www.decoinspira.com\/es\/wp-json\/wp\/v2\/pages\/859","targetHints":{"allow":["GET"]}}],"collection":[{"href":"https:\/\/www.decoinspira.com\/es\/wp-json\/wp\/v2\/pages"}],"about":[{"href":"https:\/\/www.decoinspira.com\/es\/wp-json\/wp\/v2\/types\/page"}],"author":[{"embeddable":true,"href":"https:\/\/www.decoinspira.com\/es\/wp-json\/wp\/v2\/users\/3"}],"replies":[{"embeddable":true,"href":"https:\/\/www.decoinspira.com\/es\/wp-json\/wp\/v2\/comments?post=859"}],"version-history":[{"count":1,"href":"https:\/\/www.decoinspira.com\/es\/wp-json\/wp\/v2\/pages\/859\/revisions"}],"predecessor-version":[{"id":860,"href":"https:\/\/www.decoinspira.com\/es\/wp-json\/wp\/v2\/pages\/859\/revisions\/860"}],"wp:attachment":[{"href":"https:\/\/www.decoinspira.com\/es\/wp-json\/wp\/v2\/media?parent=859"}],"curies":[{"name":"wp","href":"https:\/\/api.w.org\/{rel}","templated":true}]}}